{"id":2637,"date":"2024-01-23T16:55:55","date_gmt":"2024-01-23T15:55:55","guid":{"rendered":"https:\/\/www.bolsenaholidayhouse.it\/?post_type=product&#038;p=2637"},"modified":"2025-10-23T09:35:20","modified_gmt":"2025-10-23T07:35:20","slug":"brown-house","status":"publish","type":"product","link":"https:\/\/www.bolsenaholidayhouse.it\/it_it\/casemobili\/brown-house\/","title":{"rendered":"Brown House"},"content":{"rendered":"<p>Benvenuti nel vostro angolo di paradiso, dove il comfort e la praticit\u00e0 si uniscono in un mix perfetto di relax e divertimento: le nostre case mobili, accoglienti e spaziose, vi offrono un rifugio di 25 metri quadrati.<\/p>\n<p>Immergetevi nella serenit\u00e0 della vostra camera da letto principale, arredata con un letto matrimoniale. Per i pi\u00f9 piccoli o gli ospiti extra, c&#8217;\u00e8 una camera con due letti singoli e un letto a castello, creando uno spazio versatile e accogliente per tutti. I due bagni vi garantiscono la massima comodit\u00e0: il primo, completo di lavabo, specchio e box doccia, \u00e8 perfetto per rinfrescarsi e prepararsi per la giornata. Il secondo bagno, con WC e lavamani, aggiunge ulteriore praticit\u00e0 per soddisfare tutte le vostre esigenze.<\/p>\n<p>La cucina \u00e8 il cuore pulsante di ogni casa mobile, dotata di 4 fuochi a gas, frigorifero e attrezzatura completa per cucinare in tutta comodit\u00e0. E quando arriva il momento di rilassarsi, l&#8217;impianto di climatizzazione ad aria fredda o calda vi coccoler\u00e0, creando un&#8217;atmosfera accogliente e familiare.<\/p>\n<p>All&#8217;esterno, la veranda coperta con tavolo e sedie \u00e8 il luogo ideale per condividere pasti all&#8217;aria aperta, sorseggiare un caff\u00e8 o godersi semplicemente la brezza estiva. Siete pronti a vivere un&#8217;esperienza unica, dove il vostro rifugio diventa il centro di tutte le vostre avventure? Benvenuti a casa!<\/p>\n","protected":false},"excerpt":{"rendered":"<p>Benvenuti nel vostro angolo di paradiso, dove il comfort e la praticit\u00e0 si uniscono in un mix perfetto di relax e divertimento: le nostre case mobili, accoglienti e spaziose, vi offrono un rifugio di 25 metri quadrati. Immergetevi nella serenit\u00e0 della vostra camera da letto principale, arredata con un letto matrimoniale. Per i pi\u00f9 piccoli [&hellip;]<\/p>\n","protected":false},"featured_media":2626,"template":"","meta":{"_acf_changed":false},"product_brand":[],"product_cat":[56],"product_tag":[],"class_list":{"0":"post-2637","1":"product","2":"type-product","3":"status-publish","4":"has-post-thumbnail","6":"product_cat-case-mobili","7":"yith_booking_service-animali","8":"yith_booking_service-aria-condizionata","9":"yith_booking_service-asciugamani","10":"yith_booking_service-lenzuola","11":"yith_booking_service-lettino-per-neonati","13":"first","14":"instock","15":"virtual","16":"sold-individually","17":"taxable","18":"purchasable","19":"product-type-booking"},"acf":[],"yoast_head":"<!-- This site is optimized with the Yoast SEO plugin v26.1.1 - https:\/\/yoast.com\/wordpress\/plugins\/seo\/ -->\n<title>Brown House - Bolsena Holiday House<\/title>\n<meta name=\"robots\" content=\"index, follow, max-snippet:-1, max-image-preview:large, max-video-preview:-1\" \/>\n<link rel=\"canonical\" href=\"https:\/\/www.bolsenaholidayhouse.it\/it_it\/casemobili\/brown-house\/\" \/>\n<meta property=\"og:locale\" content=\"it_IT\" \/>\n<meta property=\"og:type\" content=\"article\" \/>\n<meta property=\"og:title\" content=\"Brown House - Bolsena Holiday House\" \/>\n<meta property=\"og:description\" content=\"Benvenuti nel vostro angolo di paradiso, dove il comfort e la praticit\u00e0 si uniscono in un mix perfetto di relax e divertimento: le nostre case mobili, accoglienti e spaziose, vi offrono un rifugio di 25 metri quadrati. Immergetevi nella serenit\u00e0 della vostra camera da letto principale, arredata con un letto matrimoniale. Per i pi\u00f9 piccoli [&hellip;]\" \/>\n<meta property=\"og:url\" content=\"https:\/\/www.bolsenaholidayhouse.it\/it_it\/casemobili\/brown-house\/\" \/>\n<meta property=\"og:site_name\" content=\"Bolsena Holiday House\" \/>\n<meta property=\"article:publisher\" content=\"https:\/\/www.facebook.com\/casemobilibolsena\" \/>\n<meta property=\"article:modified_time\" content=\"2025-10-23T07:35:20+00:00\" \/>\n<meta property=\"og:image\" content=\"https:\/\/www.bolsenaholidayhouse.it\/wp-content\/uploads\/2024\/01\/Brown-House.jpg\" \/>\n\t<meta property=\"og:image:width\" content=\"1500\" \/>\n\t<meta property=\"og:image:height\" content=\"1036\" \/>\n\t<meta property=\"og:image:type\" content=\"image\/jpeg\" \/>\n<meta name=\"twitter:card\" content=\"summary_large_image\" \/>\n<meta name=\"twitter:label1\" content=\"Tempo di lettura stimato\" \/>\n\t<meta name=\"twitter:data1\" content=\"2 minuti\" \/>\n<script type=\"application\/ld+json\" class=\"yoast-schema-graph\">{\"@context\":\"https:\/\/schema.org\",\"@graph\":[{\"@type\":\"WebPage\",\"@id\":\"https:\/\/www.bolsenaholidayhouse.it\/casemobili\/brown-house\/\",\"url\":\"https:\/\/www.bolsenaholidayhouse.it\/casemobili\/brown-house\/\",\"name\":\"Brown House - Bolsena Holiday House\",\"isPartOf\":{\"@id\":\"https:\/\/www.bolsenaholidayhouse.it\/#website\"},\"primaryImageOfPage\":{\"@id\":\"https:\/\/www.bolsenaholidayhouse.it\/casemobili\/brown-house\/#primaryimage\"},\"image\":{\"@id\":\"https:\/\/www.bolsenaholidayhouse.it\/casemobili\/brown-house\/#primaryimage\"},\"thumbnailUrl\":\"https:\/\/www.bolsenaholidayhouse.it\/wp-content\/uploads\/2024\/01\/Brown-House.jpg\",\"datePublished\":\"2024-01-23T15:55:55+00:00\",\"dateModified\":\"2025-10-23T07:35:20+00:00\",\"breadcrumb\":{\"@id\":\"https:\/\/www.bolsenaholidayhouse.it\/casemobili\/brown-house\/#breadcrumb\"},\"inLanguage\":\"it-IT\",\"potentialAction\":[{\"@type\":\"ReadAction\",\"target\":[\"https:\/\/www.bolsenaholidayhouse.it\/casemobili\/brown-house\/\"]}]},{\"@type\":\"ImageObject\",\"inLanguage\":\"it-IT\",\"@id\":\"https:\/\/www.bolsenaholidayhouse.it\/casemobili\/brown-house\/#primaryimage\",\"url\":\"https:\/\/www.bolsenaholidayhouse.it\/wp-content\/uploads\/2024\/01\/Brown-House.jpg\",\"contentUrl\":\"https:\/\/www.bolsenaholidayhouse.it\/wp-content\/uploads\/2024\/01\/Brown-House.jpg\",\"width\":1500,\"height\":1036,\"caption\":\"Brown House\"},{\"@type\":\"BreadcrumbList\",\"@id\":\"https:\/\/www.bolsenaholidayhouse.it\/casemobili\/brown-house\/#breadcrumb\",\"itemListElement\":[{\"@type\":\"ListItem\",\"position\":1,\"name\":\"Home\",\"item\":\"https:\/\/www.bolsenaholidayhouse.it\/\"},{\"@type\":\"ListItem\",\"position\":2,\"name\":\"Case Mobili\",\"item\":\"https:\/\/www.bolsenaholidayhouse.it\/casemobili\/\"},{\"@type\":\"ListItem\",\"position\":3,\"name\":\"Brown House\"}]},{\"@type\":\"WebSite\",\"@id\":\"https:\/\/www.bolsenaholidayhouse.it\/#website\",\"url\":\"https:\/\/www.bolsenaholidayhouse.it\/\",\"name\":\"Bolsena Holiday House\",\"description\":\"Le migliori vacanze sul lago di Bolsena\",\"publisher\":{\"@id\":\"https:\/\/www.bolsenaholidayhouse.it\/#organization\"},\"potentialAction\":[{\"@type\":\"SearchAction\",\"target\":{\"@type\":\"EntryPoint\",\"urlTemplate\":\"https:\/\/www.bolsenaholidayhouse.it\/?s={search_term_string}\"},\"query-input\":{\"@type\":\"PropertyValueSpecification\",\"valueRequired\":true,\"valueName\":\"search_term_string\"}}],\"inLanguage\":\"it-IT\"},{\"@type\":\"Organization\",\"@id\":\"https:\/\/www.bolsenaholidayhouse.it\/#organization\",\"name\":\"Bolsena Holiday House\",\"alternateName\":\"Bolsena HH\",\"url\":\"https:\/\/www.bolsenaholidayhouse.it\/\",\"logo\":{\"@type\":\"ImageObject\",\"inLanguage\":\"it-IT\",\"@id\":\"https:\/\/www.bolsenaholidayhouse.it\/#\/schema\/logo\/image\/\",\"url\":\"https:\/\/www.bolsenaholidayhouse.it\/wp-content\/uploads\/2023\/12\/Bolsena-Holiday-House_LogoBordo.png\",\"contentUrl\":\"https:\/\/www.bolsenaholidayhouse.it\/wp-content\/uploads\/2023\/12\/Bolsena-Holiday-House_LogoBordo.png\",\"width\":250,\"height\":250,\"caption\":\"Bolsena Holiday House\"},\"image\":{\"@id\":\"https:\/\/www.bolsenaholidayhouse.it\/#\/schema\/logo\/image\/\"},\"sameAs\":[\"https:\/\/www.facebook.com\/casemobilibolsena\",\"https:\/\/www.instagram.com\/bolsenaholiday\/\"]}]}<\/script>\n<!-- \/ Yoast SEO plugin. -->","yoast_head_json":{"title":"Brown House - Bolsena Holiday House","robots":{"index":"index","follow":"follow","max-snippet":"max-snippet:-1","max-image-preview":"max-image-preview:large","max-video-preview":"max-video-preview:-1"},"canonical":"https:\/\/www.bolsenaholidayhouse.it\/it_it\/casemobili\/brown-house\/","og_locale":"it_IT","og_type":"article","og_title":"Brown House - Bolsena Holiday House","og_description":"Benvenuti nel vostro angolo di paradiso, dove il comfort e la praticit\u00e0 si uniscono in un mix perfetto di relax e divertimento: le nostre case mobili, accoglienti e spaziose, vi offrono un rifugio di 25 metri quadrati. Immergetevi nella serenit\u00e0 della vostra camera da letto principale, arredata con un letto matrimoniale. Per i pi\u00f9 piccoli [&hellip;]","og_url":"https:\/\/www.bolsenaholidayhouse.it\/it_it\/casemobili\/brown-house\/","og_site_name":"Bolsena Holiday House","article_publisher":"https:\/\/www.facebook.com\/casemobilibolsena","article_modified_time":"2025-10-23T07:35:20+00:00","og_image":[{"width":1500,"height":1036,"url":"https:\/\/www.bolsenaholidayhouse.it\/wp-content\/uploads\/2024\/01\/Brown-House.jpg","type":"image\/jpeg"}],"twitter_card":"summary_large_image","twitter_misc":{"Tempo di lettura stimato":"2 minuti"},"schema":{"@context":"https:\/\/schema.org","@graph":[{"@type":"WebPage","@id":"https:\/\/www.bolsenaholidayhouse.it\/casemobili\/brown-house\/","url":"https:\/\/www.bolsenaholidayhouse.it\/casemobili\/brown-house\/","name":"Brown House - Bolsena Holiday House","isPartOf":{"@id":"https:\/\/www.bolsenaholidayhouse.it\/#website"},"primaryImageOfPage":{"@id":"https:\/\/www.bolsenaholidayhouse.it\/casemobili\/brown-house\/#primaryimage"},"image":{"@id":"https:\/\/www.bolsenaholidayhouse.it\/casemobili\/brown-house\/#primaryimage"},"thumbnailUrl":"https:\/\/www.bolsenaholidayhouse.it\/wp-content\/uploads\/2024\/01\/Brown-House.jpg","datePublished":"2024-01-23T15:55:55+00:00","dateModified":"2025-10-23T07:35:20+00:00","breadcrumb":{"@id":"https:\/\/www.bolsenaholidayhouse.it\/casemobili\/brown-house\/#breadcrumb"},"inLanguage":"it-IT","potentialAction":[{"@type":"ReadAction","target":["https:\/\/www.bolsenaholidayhouse.it\/casemobili\/brown-house\/"]}]},{"@type":"ImageObject","inLanguage":"it-IT","@id":"https:\/\/www.bolsenaholidayhouse.it\/casemobili\/brown-house\/#primaryimage","url":"https:\/\/www.bolsenaholidayhouse.it\/wp-content\/uploads\/2024\/01\/Brown-House.jpg","contentUrl":"https:\/\/www.bolsenaholidayhouse.it\/wp-content\/uploads\/2024\/01\/Brown-House.jpg","width":1500,"height":1036,"caption":"Brown House"},{"@type":"BreadcrumbList","@id":"https:\/\/www.bolsenaholidayhouse.it\/casemobili\/brown-house\/#breadcrumb","itemListElement":[{"@type":"ListItem","position":1,"name":"Home","item":"https:\/\/www.bolsenaholidayhouse.it\/"},{"@type":"ListItem","position":2,"name":"Case Mobili","item":"https:\/\/www.bolsenaholidayhouse.it\/casemobili\/"},{"@type":"ListItem","position":3,"name":"Brown House"}]},{"@type":"WebSite","@id":"https:\/\/www.bolsenaholidayhouse.it\/#website","url":"https:\/\/www.bolsenaholidayhouse.it\/","name":"Bolsena Holiday House","description":"Le migliori vacanze sul lago di Bolsena","publisher":{"@id":"https:\/\/www.bolsenaholidayhouse.it\/#organization"},"potentialAction":[{"@type":"SearchAction","target":{"@type":"EntryPoint","urlTemplate":"https:\/\/www.bolsenaholidayhouse.it\/?s={search_term_string}"},"query-input":{"@type":"PropertyValueSpecification","valueRequired":true,"valueName":"search_term_string"}}],"inLanguage":"it-IT"},{"@type":"Organization","@id":"https:\/\/www.bolsenaholidayhouse.it\/#organization","name":"Bolsena Holiday House","alternateName":"Bolsena HH","url":"https:\/\/www.bolsenaholidayhouse.it\/","logo":{"@type":"ImageObject","inLanguage":"it-IT","@id":"https:\/\/www.bolsenaholidayhouse.it\/#\/schema\/logo\/image\/","url":"https:\/\/www.bolsenaholidayhouse.it\/wp-content\/uploads\/2023\/12\/Bolsena-Holiday-House_LogoBordo.png","contentUrl":"https:\/\/www.bolsenaholidayhouse.it\/wp-content\/uploads\/2023\/12\/Bolsena-Holiday-House_LogoBordo.png","width":250,"height":250,"caption":"Bolsena Holiday House"},"image":{"@id":"https:\/\/www.bolsenaholidayhouse.it\/#\/schema\/logo\/image\/"},"sameAs":["https:\/\/www.facebook.com\/casemobilibolsena","https:\/\/www.instagram.com\/bolsenaholiday\/"]}]}},"_links":{"self":[{"href":"https:\/\/www.bolsenaholidayhouse.it\/it_it\/wp-json\/wp\/v2\/product\/2637","targetHints":{"allow":["GET"]}}],"collection":[{"href":"https:\/\/www.bolsenaholidayhouse.it\/it_it\/wp-json\/wp\/v2\/product"}],"about":[{"href":"https:\/\/www.bolsenaholidayhouse.it\/it_it\/wp-json\/wp\/v2\/types\/product"}],"wp:featuredmedia":[{"embeddable":true,"href":"https:\/\/www.bolsenaholidayhouse.it\/it_it\/wp-json\/wp\/v2\/media\/2626"}],"wp:attachment":[{"href":"https:\/\/www.bolsenaholidayhouse.it\/it_it\/wp-json\/wp\/v2\/media?parent=2637"}],"wp:term":[{"taxonomy":"product_brand","embeddable":true,"href":"https:\/\/www.bolsenaholidayhouse.it\/it_it\/wp-json\/wp\/v2\/product_brand?post=2637"},{"taxonomy":"product_cat","embeddable":true,"href":"https:\/\/www.bolsenaholidayhouse.it\/it_it\/wp-json\/wp\/v2\/product_cat?post=2637"},{"taxonomy":"product_tag","embeddable":true,"href":"https:\/\/www.bolsenaholidayhouse.it\/it_it\/wp-json\/wp\/v2\/product_tag?post=2637"}],"curies":[{"name":"wp","href":"https:\/\/api.w.org\/{rel}","templated":true}]}}