{"id":2637,"date":"2024-01-23T16:55:55","date_gmt":"2024-01-23T15:55:55","guid":{"rendered":"https:\/\/www.bolsenaholidayhouse.it\/?post_type=product&#038;p=2637"},"modified":"2025-10-23T09:35:20","modified_gmt":"2025-10-23T07:35:20","slug":"brown-house","status":"publish","type":"product","link":"https:\/\/www.bolsenaholidayhouse.it\/de\/casemobili\/brown-house\/","title":{"rendered":"Brown House"},"content":{"rendered":"<p>Willkommen in Ihrem eigenen Paradies, in dem sich Komfort und Zweckm\u00e4\u00dfigkeit zu einer perfekten Mischung aus Entspannung und Spa\u00df vereinen: Unsere gem\u00fctlichen und ger\u00e4umigen Mobilheime bieten Ihnen einen R\u00fcckzugsort mit 25 Quadratmetern Fl\u00e4che.<\/p>\n<p>Tauchen Sie ein in die Ruhe Ihres Hauptschlafzimmers, das mit einem Doppelbett ausgestattet ist. F\u00fcr j\u00fcngere Kinder oder zus\u00e4tzliche G\u00e4ste gibt es ein Zimmer mit zwei Einzelbetten und einem Etagenbett, das einen vielseitigen und gem\u00fctlichen Raum f\u00fcr alle schafft. Die beiden Badezimmer bieten maximalen Komfort: Das erste, ausgestattet mit Waschbecken, Spiegel, Duschkabine und WC, ist ideal, um sich frisch zu machen und f\u00fcr den Tag vorzubereiten. Das zweite Badezimmer mit WC und Handwaschbecken ist noch praktischer und erf\u00fcllt alle Ihre Bed\u00fcrfnisse.<\/p>\n<p>Die K\u00fcche ist das Herzst\u00fcck eines jeden Wohnmobils: Sie ist mit einem 4-Flammen-Gasherd, einem K\u00fchlschrank und einer kompletten Kochausr\u00fcstung ausgestattet. Und wenn es an der Zeit ist, sich zu entspannen, verw\u00f6hnt Sie die Klimaanlage mit kalter oder warmer Luft und schafft eine gem\u00fctliche, heimelige Atmosph\u00e4re.<\/p>\n<p>Die \u00fcberdachte Veranda mit Tisch und St\u00fchlen ist der ideale Ort, um Mahlzeiten im Freien einzunehmen, Kaffee zu trinken oder einfach die Sommerbrise zu genie\u00dfen. Sind Sie bereit f\u00fcr ein einzigartiges Erlebnis, bei dem Ihre H\u00fctte zum Mittelpunkt aller Ihrer Abenteuer wird? Willkommen zu Hause!<\/p>","protected":false},"excerpt":{"rendered":"<p>Willkommen in Ihrem eigenen Paradies, wo sich Komfort und Zweckm\u00e4\u00dfigkeit zu einer perfekten Mischung aus Entspannung und Spa\u00df vereinen: Unsere gem\u00fctlichen und ger\u00e4umigen Mobilheime bieten Ihnen einen R\u00fcckzugsort von 25 Quadratmetern. Tauchen Sie ein in die Ruhe Ihres Hauptschlafzimmers, das mit einem Doppelbett ausgestattet ist. F\u00fcr die kleinen G\u00e4ste [...]<\/p>","protected":false},"featured_media":2626,"template":"","meta":{"_acf_changed":false},"product_brand":[],"product_cat":[56],"product_tag":[],"class_list":{"0":"post-2637","1":"product","2":"type-product","3":"status-publish","4":"has-post-thumbnail","6":"product_cat-case-mobili","7":"yith_booking_service-animali","8":"yith_booking_service-aria-condizionata","9":"yith_booking_service-asciugamani","10":"yith_booking_service-lenzuola","11":"yith_booking_service-lettino-per-neonati","13":"first","14":"instock","15":"virtual","16":"sold-individually","17":"taxable","18":"purchasable","19":"product-type-booking"},"acf":[],"yoast_head":"<!-- This site is optimized with the Yoast SEO plugin v26.1.1 - https:\/\/yoast.com\/wordpress\/plugins\/seo\/ -->\n<title>Brown House - Bolsena Holiday House<\/title>\n<meta name=\"robots\" content=\"index, follow, max-snippet:-1, max-image-preview:large, max-video-preview:-1\" \/>\n<link rel=\"canonical\" href=\"https:\/\/www.bolsenaholidayhouse.it\/de\/casemobili\/brown-house\/\" \/>\n<meta property=\"og:locale\" content=\"de_DE\" \/>\n<meta property=\"og:type\" content=\"article\" \/>\n<meta property=\"og:title\" content=\"Brown House - Bolsena Holiday House\" \/>\n<meta property=\"og:description\" content=\"Benvenuti nel vostro angolo di paradiso, dove il comfort e la praticit\u00e0 si uniscono in un mix perfetto di relax e divertimento: le nostre case mobili, accoglienti e spaziose, vi offrono un rifugio di 25 metri quadrati. Immergetevi nella serenit\u00e0 della vostra camera da letto principale, arredata con un letto matrimoniale. Per i pi\u00f9 piccoli [&hellip;]\" \/>\n<meta property=\"og:url\" content=\"https:\/\/www.bolsenaholidayhouse.it\/de\/casemobili\/brown-house\/\" \/>\n<meta property=\"og:site_name\" content=\"Bolsena Holiday House\" \/>\n<meta property=\"article:publisher\" content=\"https:\/\/www.facebook.com\/casemobilibolsena\" \/>\n<meta property=\"article:modified_time\" content=\"2025-10-23T07:35:20+00:00\" \/>\n<meta property=\"og:image\" content=\"https:\/\/www.bolsenaholidayhouse.it\/wp-content\/uploads\/2024\/01\/Brown-House.jpg\" \/>\n\t<meta property=\"og:image:width\" content=\"1500\" \/>\n\t<meta property=\"og:image:height\" content=\"1036\" \/>\n\t<meta property=\"og:image:type\" content=\"image\/jpeg\" \/>\n<meta name=\"twitter:card\" content=\"summary_large_image\" \/>\n<meta name=\"twitter:label1\" content=\"Gesch\u00e4tzte Lesezeit\" \/>\n\t<meta name=\"twitter:data1\" content=\"2\u00a0Minuten\" \/>\n<script type=\"application\/ld+json\" class=\"yoast-schema-graph\">{\"@context\":\"https:\/\/schema.org\",\"@graph\":[{\"@type\":\"WebPage\",\"@id\":\"https:\/\/www.bolsenaholidayhouse.it\/casemobili\/brown-house\/\",\"url\":\"https:\/\/www.bolsenaholidayhouse.it\/casemobili\/brown-house\/\",\"name\":\"Brown House - Bolsena Holiday House\",\"isPartOf\":{\"@id\":\"https:\/\/www.bolsenaholidayhouse.it\/#website\"},\"primaryImageOfPage\":{\"@id\":\"https:\/\/www.bolsenaholidayhouse.it\/casemobili\/brown-house\/#primaryimage\"},\"image\":{\"@id\":\"https:\/\/www.bolsenaholidayhouse.it\/casemobili\/brown-house\/#primaryimage\"},\"thumbnailUrl\":\"https:\/\/www.bolsenaholidayhouse.it\/wp-content\/uploads\/2024\/01\/Brown-House.jpg\",\"datePublished\":\"2024-01-23T15:55:55+00:00\",\"dateModified\":\"2025-10-23T07:35:20+00:00\",\"breadcrumb\":{\"@id\":\"https:\/\/www.bolsenaholidayhouse.it\/casemobili\/brown-house\/#breadcrumb\"},\"inLanguage\":\"de\",\"potentialAction\":[{\"@type\":\"ReadAction\",\"target\":[\"https:\/\/www.bolsenaholidayhouse.it\/casemobili\/brown-house\/\"]}]},{\"@type\":\"ImageObject\",\"inLanguage\":\"de\",\"@id\":\"https:\/\/www.bolsenaholidayhouse.it\/casemobili\/brown-house\/#primaryimage\",\"url\":\"https:\/\/www.bolsenaholidayhouse.it\/wp-content\/uploads\/2024\/01\/Brown-House.jpg\",\"contentUrl\":\"https:\/\/www.bolsenaholidayhouse.it\/wp-content\/uploads\/2024\/01\/Brown-House.jpg\",\"width\":1500,\"height\":1036,\"caption\":\"Brown House\"},{\"@type\":\"BreadcrumbList\",\"@id\":\"https:\/\/www.bolsenaholidayhouse.it\/casemobili\/brown-house\/#breadcrumb\",\"itemListElement\":[{\"@type\":\"ListItem\",\"position\":1,\"name\":\"Home\",\"item\":\"https:\/\/www.bolsenaholidayhouse.it\/\"},{\"@type\":\"ListItem\",\"position\":2,\"name\":\"Case Mobili\",\"item\":\"https:\/\/www.bolsenaholidayhouse.it\/casemobili\/\"},{\"@type\":\"ListItem\",\"position\":3,\"name\":\"Brown House\"}]},{\"@type\":\"WebSite\",\"@id\":\"https:\/\/www.bolsenaholidayhouse.it\/#website\",\"url\":\"https:\/\/www.bolsenaholidayhouse.it\/\",\"name\":\"Bolsena Holiday House\",\"description\":\"Le migliori vacanze sul lago di Bolsena\",\"publisher\":{\"@id\":\"https:\/\/www.bolsenaholidayhouse.it\/#organization\"},\"potentialAction\":[{\"@type\":\"SearchAction\",\"target\":{\"@type\":\"EntryPoint\",\"urlTemplate\":\"https:\/\/www.bolsenaholidayhouse.it\/?s={search_term_string}\"},\"query-input\":{\"@type\":\"PropertyValueSpecification\",\"valueRequired\":true,\"valueName\":\"search_term_string\"}}],\"inLanguage\":\"de\"},{\"@type\":\"Organization\",\"@id\":\"https:\/\/www.bolsenaholidayhouse.it\/#organization\",\"name\":\"Bolsena Holiday House\",\"alternateName\":\"Bolsena HH\",\"url\":\"https:\/\/www.bolsenaholidayhouse.it\/\",\"logo\":{\"@type\":\"ImageObject\",\"inLanguage\":\"de\",\"@id\":\"https:\/\/www.bolsenaholidayhouse.it\/#\/schema\/logo\/image\/\",\"url\":\"https:\/\/www.bolsenaholidayhouse.it\/wp-content\/uploads\/2023\/12\/Bolsena-Holiday-House_LogoBordo.png\",\"contentUrl\":\"https:\/\/www.bolsenaholidayhouse.it\/wp-content\/uploads\/2023\/12\/Bolsena-Holiday-House_LogoBordo.png\",\"width\":250,\"height\":250,\"caption\":\"Bolsena Holiday House\"},\"image\":{\"@id\":\"https:\/\/www.bolsenaholidayhouse.it\/#\/schema\/logo\/image\/\"},\"sameAs\":[\"https:\/\/www.facebook.com\/casemobilibolsena\",\"https:\/\/www.instagram.com\/bolsenaholiday\/\"]}]}<\/script>\n<!-- \/ Yoast SEO plugin. -->","yoast_head_json":{"title":"Brown House - Bolsena Holiday House","robots":{"index":"index","follow":"follow","max-snippet":"max-snippet:-1","max-image-preview":"max-image-preview:large","max-video-preview":"max-video-preview:-1"},"canonical":"https:\/\/www.bolsenaholidayhouse.it\/de\/casemobili\/brown-house\/","og_locale":"de_DE","og_type":"article","og_title":"Brown House - Bolsena Holiday House","og_description":"Benvenuti nel vostro angolo di paradiso, dove il comfort e la praticit\u00e0 si uniscono in un mix perfetto di relax e divertimento: le nostre case mobili, accoglienti e spaziose, vi offrono un rifugio di 25 metri quadrati. Immergetevi nella serenit\u00e0 della vostra camera da letto principale, arredata con un letto matrimoniale. Per i pi\u00f9 piccoli [&hellip;]","og_url":"https:\/\/www.bolsenaholidayhouse.it\/de\/casemobili\/brown-house\/","og_site_name":"Bolsena Holiday House","article_publisher":"https:\/\/www.facebook.com\/casemobilibolsena","article_modified_time":"2025-10-23T07:35:20+00:00","og_image":[{"width":1500,"height":1036,"url":"https:\/\/www.bolsenaholidayhouse.it\/wp-content\/uploads\/2024\/01\/Brown-House.jpg","type":"image\/jpeg"}],"twitter_card":"summary_large_image","twitter_misc":{"Gesch\u00e4tzte Lesezeit":"2\u00a0Minuten"},"schema":{"@context":"https:\/\/schema.org","@graph":[{"@type":"WebPage","@id":"https:\/\/www.bolsenaholidayhouse.it\/casemobili\/brown-house\/","url":"https:\/\/www.bolsenaholidayhouse.it\/casemobili\/brown-house\/","name":"Brown House - Bolsena Holiday House","isPartOf":{"@id":"https:\/\/www.bolsenaholidayhouse.it\/#website"},"primaryImageOfPage":{"@id":"https:\/\/www.bolsenaholidayhouse.it\/casemobili\/brown-house\/#primaryimage"},"image":{"@id":"https:\/\/www.bolsenaholidayhouse.it\/casemobili\/brown-house\/#primaryimage"},"thumbnailUrl":"https:\/\/www.bolsenaholidayhouse.it\/wp-content\/uploads\/2024\/01\/Brown-House.jpg","datePublished":"2024-01-23T15:55:55+00:00","dateModified":"2025-10-23T07:35:20+00:00","breadcrumb":{"@id":"https:\/\/www.bolsenaholidayhouse.it\/casemobili\/brown-house\/#breadcrumb"},"inLanguage":"de","potentialAction":[{"@type":"ReadAction","target":["https:\/\/www.bolsenaholidayhouse.it\/casemobili\/brown-house\/"]}]},{"@type":"ImageObject","inLanguage":"de","@id":"https:\/\/www.bolsenaholidayhouse.it\/casemobili\/brown-house\/#primaryimage","url":"https:\/\/www.bolsenaholidayhouse.it\/wp-content\/uploads\/2024\/01\/Brown-House.jpg","contentUrl":"https:\/\/www.bolsenaholidayhouse.it\/wp-content\/uploads\/2024\/01\/Brown-House.jpg","width":1500,"height":1036,"caption":"Brown House"},{"@type":"BreadcrumbList","@id":"https:\/\/www.bolsenaholidayhouse.it\/casemobili\/brown-house\/#breadcrumb","itemListElement":[{"@type":"ListItem","position":1,"name":"Home","item":"https:\/\/www.bolsenaholidayhouse.it\/"},{"@type":"ListItem","position":2,"name":"Case Mobili","item":"https:\/\/www.bolsenaholidayhouse.it\/casemobili\/"},{"@type":"ListItem","position":3,"name":"Brown House"}]},{"@type":"WebSite","@id":"https:\/\/www.bolsenaholidayhouse.it\/#website","url":"https:\/\/www.bolsenaholidayhouse.it\/","name":"Bolsena Holiday House","description":"Le migliori vacanze sul lago di Bolsena","publisher":{"@id":"https:\/\/www.bolsenaholidayhouse.it\/#organization"},"potentialAction":[{"@type":"SearchAction","target":{"@type":"EntryPoint","urlTemplate":"https:\/\/www.bolsenaholidayhouse.it\/?s={search_term_string}"},"query-input":{"@type":"PropertyValueSpecification","valueRequired":true,"valueName":"search_term_string"}}],"inLanguage":"de"},{"@type":"Organization","@id":"https:\/\/www.bolsenaholidayhouse.it\/#organization","name":"Bolsena Holiday House","alternateName":"Bolsena HH","url":"https:\/\/www.bolsenaholidayhouse.it\/","logo":{"@type":"ImageObject","inLanguage":"de","@id":"https:\/\/www.bolsenaholidayhouse.it\/#\/schema\/logo\/image\/","url":"https:\/\/www.bolsenaholidayhouse.it\/wp-content\/uploads\/2023\/12\/Bolsena-Holiday-House_LogoBordo.png","contentUrl":"https:\/\/www.bolsenaholidayhouse.it\/wp-content\/uploads\/2023\/12\/Bolsena-Holiday-House_LogoBordo.png","width":250,"height":250,"caption":"Bolsena Holiday House"},"image":{"@id":"https:\/\/www.bolsenaholidayhouse.it\/#\/schema\/logo\/image\/"},"sameAs":["https:\/\/www.facebook.com\/casemobilibolsena","https:\/\/www.instagram.com\/bolsenaholiday\/"]}]}},"_links":{"self":[{"href":"https:\/\/www.bolsenaholidayhouse.it\/de\/wp-json\/wp\/v2\/product\/2637","targetHints":{"allow":["GET"]}}],"collection":[{"href":"https:\/\/www.bolsenaholidayhouse.it\/de\/wp-json\/wp\/v2\/product"}],"about":[{"href":"https:\/\/www.bolsenaholidayhouse.it\/de\/wp-json\/wp\/v2\/types\/product"}],"wp:featuredmedia":[{"embeddable":true,"href":"https:\/\/www.bolsenaholidayhouse.it\/de\/wp-json\/wp\/v2\/media\/2626"}],"wp:attachment":[{"href":"https:\/\/www.bolsenaholidayhouse.it\/de\/wp-json\/wp\/v2\/media?parent=2637"}],"wp:term":[{"taxonomy":"product_brand","embeddable":true,"href":"https:\/\/www.bolsenaholidayhouse.it\/de\/wp-json\/wp\/v2\/product_brand?post=2637"},{"taxonomy":"product_cat","embeddable":true,"href":"https:\/\/www.bolsenaholidayhouse.it\/de\/wp-json\/wp\/v2\/product_cat?post=2637"},{"taxonomy":"product_tag","embeddable":true,"href":"https:\/\/www.bolsenaholidayhouse.it\/de\/wp-json\/wp\/v2\/product_tag?post=2637"}],"curies":[{"name":"wp","href":"https:\/\/api.w.org\/{rel}","templated":true}]}}