{"id":2511,"date":"2024-01-22T15:38:46","date_gmt":"2024-01-22T14:38:46","guid":{"rendered":"https:\/\/www.bolsenaholidayhouse.it\/?post_type=product&#038;p=2511"},"modified":"2025-10-23T09:35:05","modified_gmt":"2025-10-23T07:35:05","slug":"white-house","status":"publish","type":"product","link":"https:\/\/www.bolsenaholidayhouse.it\/de\/casemobili\/white-house\/","title":{"rendered":"White House"},"content":{"rendered":"<p>Willkommen in unserer gem\u00fctlichen und intimen Ecke, wo Komfort auf Freiheit trifft: Unsere Mobilheime mit ihren gem\u00fctlichen 30 Quadratmetern sind der perfekte R\u00fcckzugsort f\u00fcr einen unbeschwerten Urlaub.<\/p>\n<p>Die zwei Schlafzimmer mit jeweils zwei Einzelbetten bieten Ihnen den Komfort und die Privatsph\u00e4re, die Sie brauchen. Die beiden Badezimmer, komplett mit Waschbecken, Spiegel, Duschkabine und WC, sind praktisch und schnell, um jeden Tag der Entspannung bestm\u00f6glich zu beginnen. Die K\u00fcche ist eine kleine kulinarische Oase, ausgestattet mit 4 Gasflammen, einem K\u00fchlschrank und allen notwendigen Ger\u00e4ten, um Ihre Lieblingsgerichte zuzubereiten.<\/p>\n<p>Und wenn es an der Zeit ist, sich zu entspannen, verw\u00f6hnt Sie die Klimaanlage mit warmer und kalter Luft und bietet Ihnen zu jeder Jahreszeit den perfekten R\u00fcckzugsort.<\/p>\n<p>Aber der wahre Zauber findet drau\u00dfen statt, auf der \u00fcberdachten Veranda, wo Tisch und St\u00fchle dazu einladen, das Wetter zu genie\u00dfen und unvergessliche Momente mit Ihren Lieben zu teilen. Seien Sie bereit, in ein einzigartiges Erlebnis einzutauchen, bei dem sich Komfort und Natur vereinen und Erinnerungen schaffen, die f\u00fcr immer bleiben werden. Willkommen in Ihrem R\u00fcckzugsort!<\/p>","protected":false},"excerpt":{"rendered":"<p>Willkommen in unserer gem\u00fctlichen und intimen Ecke, wo Komfort auf Freiheit trifft: Unsere Mobilheime mit ihren gem\u00fctlichen 30 Quadratmetern sind der perfekte R\u00fcckzugsort f\u00fcr einen unbeschwerten Urlaub. Die zwei Schlafzimmer mit jeweils zwei Einzelbetten bieten Ihnen den Komfort und die Privatsph\u00e4re, die Sie brauchen. Die zwei B\u00e4der, [...]<\/p>","protected":false},"featured_media":2646,"template":"","meta":{"_acf_changed":false},"product_brand":[],"product_cat":[56],"product_tag":[],"class_list":{"0":"post-2511","1":"product","2":"type-product","3":"status-publish","4":"has-post-thumbnail","6":"product_cat-case-mobili","7":"yith_booking_service-animali","8":"yith_booking_service-aria-condizionata","9":"yith_booking_service-asciugamani","10":"yith_booking_service-lenzuola","11":"yith_booking_service-lettino-per-neonati","13":"first","14":"instock","15":"virtual","16":"sold-individually","17":"taxable","18":"purchasable","19":"product-type-booking"},"acf":[],"yoast_head":"<!-- This site is optimized with the Yoast SEO plugin v26.1.1 - https:\/\/yoast.com\/wordpress\/plugins\/seo\/ -->\n<title>White House - Bolsena Holiday House<\/title>\n<meta name=\"robots\" content=\"index, follow, max-snippet:-1, max-image-preview:large, max-video-preview:-1\" \/>\n<link rel=\"canonical\" href=\"https:\/\/www.bolsenaholidayhouse.it\/de\/casemobili\/white-house\/\" \/>\n<meta property=\"og:locale\" content=\"de_DE\" \/>\n<meta property=\"og:type\" content=\"article\" \/>\n<meta property=\"og:title\" content=\"White House - Bolsena Holiday House\" \/>\n<meta property=\"og:description\" content=\"Benvenuti nel nostro angolo accogliente e intimo, dove la comodit\u00e0 incontra la libert\u00e0: le nostre case mobili, con i loro accoglienti 30 metri quadrati, sono il rifugio perfetto per una vacanza senza preoccupazioni. Le due camere da letto, ognuna dotata di due letti singoli, vi offriranno il comfort e la privacy necessari. I due bagni, [&hellip;]\" \/>\n<meta property=\"og:url\" content=\"https:\/\/www.bolsenaholidayhouse.it\/de\/casemobili\/white-house\/\" \/>\n<meta property=\"og:site_name\" content=\"Bolsena Holiday House\" \/>\n<meta property=\"article:publisher\" content=\"https:\/\/www.facebook.com\/casemobilibolsena\" \/>\n<meta property=\"article:modified_time\" content=\"2025-10-23T07:35:05+00:00\" \/>\n<meta property=\"og:image\" content=\"https:\/\/www.bolsenaholidayhouse.it\/wp-content\/uploads\/2024\/01\/White-House-1.jpg\" \/>\n\t<meta property=\"og:image:width\" content=\"1500\" \/>\n\t<meta property=\"og:image:height\" content=\"1036\" \/>\n\t<meta property=\"og:image:type\" content=\"image\/jpeg\" \/>\n<meta name=\"twitter:card\" content=\"summary_large_image\" \/>\n<meta name=\"twitter:label1\" content=\"Gesch\u00e4tzte Lesezeit\" \/>\n\t<meta name=\"twitter:data1\" content=\"2\u00a0Minuten\" \/>\n<script type=\"application\/ld+json\" class=\"yoast-schema-graph\">{\"@context\":\"https:\/\/schema.org\",\"@graph\":[{\"@type\":\"WebPage\",\"@id\":\"https:\/\/www.bolsenaholidayhouse.it\/casemobili\/white-house\/\",\"url\":\"https:\/\/www.bolsenaholidayhouse.it\/casemobili\/white-house\/\",\"name\":\"White House - Bolsena Holiday House\",\"isPartOf\":{\"@id\":\"https:\/\/www.bolsenaholidayhouse.it\/#website\"},\"primaryImageOfPage\":{\"@id\":\"https:\/\/www.bolsenaholidayhouse.it\/casemobili\/white-house\/#primaryimage\"},\"image\":{\"@id\":\"https:\/\/www.bolsenaholidayhouse.it\/casemobili\/white-house\/#primaryimage\"},\"thumbnailUrl\":\"https:\/\/www.bolsenaholidayhouse.it\/wp-content\/uploads\/2024\/01\/White-House-1.jpg\",\"datePublished\":\"2024-01-22T14:38:46+00:00\",\"dateModified\":\"2025-10-23T07:35:05+00:00\",\"breadcrumb\":{\"@id\":\"https:\/\/www.bolsenaholidayhouse.it\/casemobili\/white-house\/#breadcrumb\"},\"inLanguage\":\"de\",\"potentialAction\":[{\"@type\":\"ReadAction\",\"target\":[\"https:\/\/www.bolsenaholidayhouse.it\/casemobili\/white-house\/\"]}]},{\"@type\":\"ImageObject\",\"inLanguage\":\"de\",\"@id\":\"https:\/\/www.bolsenaholidayhouse.it\/casemobili\/white-house\/#primaryimage\",\"url\":\"https:\/\/www.bolsenaholidayhouse.it\/wp-content\/uploads\/2024\/01\/White-House-1.jpg\",\"contentUrl\":\"https:\/\/www.bolsenaholidayhouse.it\/wp-content\/uploads\/2024\/01\/White-House-1.jpg\",\"width\":1500,\"height\":1036,\"caption\":\"White House\"},{\"@type\":\"BreadcrumbList\",\"@id\":\"https:\/\/www.bolsenaholidayhouse.it\/casemobili\/white-house\/#breadcrumb\",\"itemListElement\":[{\"@type\":\"ListItem\",\"position\":1,\"name\":\"Home\",\"item\":\"https:\/\/www.bolsenaholidayhouse.it\/\"},{\"@type\":\"ListItem\",\"position\":2,\"name\":\"Case Mobili\",\"item\":\"https:\/\/www.bolsenaholidayhouse.it\/casemobili\/\"},{\"@type\":\"ListItem\",\"position\":3,\"name\":\"White House\"}]},{\"@type\":\"WebSite\",\"@id\":\"https:\/\/www.bolsenaholidayhouse.it\/#website\",\"url\":\"https:\/\/www.bolsenaholidayhouse.it\/\",\"name\":\"Bolsena Holiday House\",\"description\":\"Le migliori vacanze sul lago di Bolsena\",\"publisher\":{\"@id\":\"https:\/\/www.bolsenaholidayhouse.it\/#organization\"},\"potentialAction\":[{\"@type\":\"SearchAction\",\"target\":{\"@type\":\"EntryPoint\",\"urlTemplate\":\"https:\/\/www.bolsenaholidayhouse.it\/?s={search_term_string}\"},\"query-input\":{\"@type\":\"PropertyValueSpecification\",\"valueRequired\":true,\"valueName\":\"search_term_string\"}}],\"inLanguage\":\"de\"},{\"@type\":\"Organization\",\"@id\":\"https:\/\/www.bolsenaholidayhouse.it\/#organization\",\"name\":\"Bolsena Holiday House\",\"alternateName\":\"Bolsena HH\",\"url\":\"https:\/\/www.bolsenaholidayhouse.it\/\",\"logo\":{\"@type\":\"ImageObject\",\"inLanguage\":\"de\",\"@id\":\"https:\/\/www.bolsenaholidayhouse.it\/#\/schema\/logo\/image\/\",\"url\":\"https:\/\/www.bolsenaholidayhouse.it\/wp-content\/uploads\/2023\/12\/Bolsena-Holiday-House_LogoBordo.png\",\"contentUrl\":\"https:\/\/www.bolsenaholidayhouse.it\/wp-content\/uploads\/2023\/12\/Bolsena-Holiday-House_LogoBordo.png\",\"width\":250,\"height\":250,\"caption\":\"Bolsena Holiday House\"},\"image\":{\"@id\":\"https:\/\/www.bolsenaholidayhouse.it\/#\/schema\/logo\/image\/\"},\"sameAs\":[\"https:\/\/www.facebook.com\/casemobilibolsena\",\"https:\/\/www.instagram.com\/bolsenaholiday\/\"]}]}<\/script>\n<!-- \/ Yoast SEO plugin. -->","yoast_head_json":{"title":"White House - Bolsena Holiday House","robots":{"index":"index","follow":"follow","max-snippet":"max-snippet:-1","max-image-preview":"max-image-preview:large","max-video-preview":"max-video-preview:-1"},"canonical":"https:\/\/www.bolsenaholidayhouse.it\/de\/casemobili\/white-house\/","og_locale":"de_DE","og_type":"article","og_title":"White House - Bolsena Holiday House","og_description":"Benvenuti nel nostro angolo accogliente e intimo, dove la comodit\u00e0 incontra la libert\u00e0: le nostre case mobili, con i loro accoglienti 30 metri quadrati, sono il rifugio perfetto per una vacanza senza preoccupazioni. Le due camere da letto, ognuna dotata di due letti singoli, vi offriranno il comfort e la privacy necessari. I due bagni, [&hellip;]","og_url":"https:\/\/www.bolsenaholidayhouse.it\/de\/casemobili\/white-house\/","og_site_name":"Bolsena Holiday House","article_publisher":"https:\/\/www.facebook.com\/casemobilibolsena","article_modified_time":"2025-10-23T07:35:05+00:00","og_image":[{"width":1500,"height":1036,"url":"https:\/\/www.bolsenaholidayhouse.it\/wp-content\/uploads\/2024\/01\/White-House-1.jpg","type":"image\/jpeg"}],"twitter_card":"summary_large_image","twitter_misc":{"Gesch\u00e4tzte Lesezeit":"2\u00a0Minuten"},"schema":{"@context":"https:\/\/schema.org","@graph":[{"@type":"WebPage","@id":"https:\/\/www.bolsenaholidayhouse.it\/casemobili\/white-house\/","url":"https:\/\/www.bolsenaholidayhouse.it\/casemobili\/white-house\/","name":"White House - Bolsena Holiday House","isPartOf":{"@id":"https:\/\/www.bolsenaholidayhouse.it\/#website"},"primaryImageOfPage":{"@id":"https:\/\/www.bolsenaholidayhouse.it\/casemobili\/white-house\/#primaryimage"},"image":{"@id":"https:\/\/www.bolsenaholidayhouse.it\/casemobili\/white-house\/#primaryimage"},"thumbnailUrl":"https:\/\/www.bolsenaholidayhouse.it\/wp-content\/uploads\/2024\/01\/White-House-1.jpg","datePublished":"2024-01-22T14:38:46+00:00","dateModified":"2025-10-23T07:35:05+00:00","breadcrumb":{"@id":"https:\/\/www.bolsenaholidayhouse.it\/casemobili\/white-house\/#breadcrumb"},"inLanguage":"de","potentialAction":[{"@type":"ReadAction","target":["https:\/\/www.bolsenaholidayhouse.it\/casemobili\/white-house\/"]}]},{"@type":"ImageObject","inLanguage":"de","@id":"https:\/\/www.bolsenaholidayhouse.it\/casemobili\/white-house\/#primaryimage","url":"https:\/\/www.bolsenaholidayhouse.it\/wp-content\/uploads\/2024\/01\/White-House-1.jpg","contentUrl":"https:\/\/www.bolsenaholidayhouse.it\/wp-content\/uploads\/2024\/01\/White-House-1.jpg","width":1500,"height":1036,"caption":"White House"},{"@type":"BreadcrumbList","@id":"https:\/\/www.bolsenaholidayhouse.it\/casemobili\/white-house\/#breadcrumb","itemListElement":[{"@type":"ListItem","position":1,"name":"Home","item":"https:\/\/www.bolsenaholidayhouse.it\/"},{"@type":"ListItem","position":2,"name":"Case Mobili","item":"https:\/\/www.bolsenaholidayhouse.it\/casemobili\/"},{"@type":"ListItem","position":3,"name":"White House"}]},{"@type":"WebSite","@id":"https:\/\/www.bolsenaholidayhouse.it\/#website","url":"https:\/\/www.bolsenaholidayhouse.it\/","name":"Bolsena Holiday House","description":"Le migliori vacanze sul lago di Bolsena","publisher":{"@id":"https:\/\/www.bolsenaholidayhouse.it\/#organization"},"potentialAction":[{"@type":"SearchAction","target":{"@type":"EntryPoint","urlTemplate":"https:\/\/www.bolsenaholidayhouse.it\/?s={search_term_string}"},"query-input":{"@type":"PropertyValueSpecification","valueRequired":true,"valueName":"search_term_string"}}],"inLanguage":"de"},{"@type":"Organization","@id":"https:\/\/www.bolsenaholidayhouse.it\/#organization","name":"Bolsena Holiday House","alternateName":"Bolsena HH","url":"https:\/\/www.bolsenaholidayhouse.it\/","logo":{"@type":"ImageObject","inLanguage":"de","@id":"https:\/\/www.bolsenaholidayhouse.it\/#\/schema\/logo\/image\/","url":"https:\/\/www.bolsenaholidayhouse.it\/wp-content\/uploads\/2023\/12\/Bolsena-Holiday-House_LogoBordo.png","contentUrl":"https:\/\/www.bolsenaholidayhouse.it\/wp-content\/uploads\/2023\/12\/Bolsena-Holiday-House_LogoBordo.png","width":250,"height":250,"caption":"Bolsena Holiday House"},"image":{"@id":"https:\/\/www.bolsenaholidayhouse.it\/#\/schema\/logo\/image\/"},"sameAs":["https:\/\/www.facebook.com\/casemobilibolsena","https:\/\/www.instagram.com\/bolsenaholiday\/"]}]}},"_links":{"self":[{"href":"https:\/\/www.bolsenaholidayhouse.it\/de\/wp-json\/wp\/v2\/product\/2511","targetHints":{"allow":["GET"]}}],"collection":[{"href":"https:\/\/www.bolsenaholidayhouse.it\/de\/wp-json\/wp\/v2\/product"}],"about":[{"href":"https:\/\/www.bolsenaholidayhouse.it\/de\/wp-json\/wp\/v2\/types\/product"}],"wp:featuredmedia":[{"embeddable":true,"href":"https:\/\/www.bolsenaholidayhouse.it\/de\/wp-json\/wp\/v2\/media\/2646"}],"wp:attachment":[{"href":"https:\/\/www.bolsenaholidayhouse.it\/de\/wp-json\/wp\/v2\/media?parent=2511"}],"wp:term":[{"taxonomy":"product_brand","embeddable":true,"href":"https:\/\/www.bolsenaholidayhouse.it\/de\/wp-json\/wp\/v2\/product_brand?post=2511"},{"taxonomy":"product_cat","embeddable":true,"href":"https:\/\/www.bolsenaholidayhouse.it\/de\/wp-json\/wp\/v2\/product_cat?post=2511"},{"taxonomy":"product_tag","embeddable":true,"href":"https:\/\/www.bolsenaholidayhouse.it\/de\/wp-json\/wp\/v2\/product_tag?post=2511"}],"curies":[{"name":"wp","href":"https:\/\/api.w.org\/{rel}","templated":true}]}}